{"id":5039,"date":"2023-05-25T15:53:27","date_gmt":"2023-05-25T15:53:27","guid":{"rendered":"http:\/\/voffice-test.test\/?page_id=5039"},"modified":"2023-05-31T11:01:16","modified_gmt":"2023-05-31T11:01:16","slug":"business-development","status":"publish","type":"page","link":"https:\/\/test.voffice.hr\/en\/business-development\/","title":{"rendered":"Business Development"},"content":{"rendered":"<section class=\"vc_row liquid-row-shadowbox-69d78b85e0233\"><div class=\"ld-container container\"><div class=\"row ld-row ld-row-outer\"><div class=\"wpb_column vc_column_container vc_col-sm-12 liquid-column-69d78b85e0b2f\"><div class=\"vc_column-inner\" ><div class=\"wpb_wrapper\"  ><style>.ld_spacer_69d78b85e0c67{height:50px;}<\/style>\n<div class=\"ld-empty-space ld_spacer_69d78b85e0c67\"><\/div><style>.ld_simple_heading_69d78b85e0e00 h1{color:#3e3f48;}<\/style><div  class=\"lqd-simple-heading-wrap ld_simple_heading_69d78b85e0e00\">\n<h1 class=\"lqd-simple-heading\">\n\t<\/p>\n<h1 style=\"text-align: center;\">BUSINESS DEVELOPMENT<\/h1>\n<p><\/h1>\n<\/div><style>.ld_spacer_69d78b85e1003{height:50px;}<\/style>\n<div class=\"ld-empty-space ld_spacer_69d78b85e1003\"><\/div><style>.ld_fancy_heading_69d78b85e11ed p{color:#3e3f48;}.ld_fancy_heading_69d78b85e11ed .lqd-highlight-inner{height:0.275em!important;bottom:0px!important;}<\/style><div class=\"ld-fancy-heading ld_fancy_heading_69d78b85e11ed\">\n\t<p class=\"ld-fh-element lqd-highlight-underline lqd-highlight-grow-left text-decoration-default\"   >  Business development, odnosno<strong><b>\u00a0<\/b><\/strong>Business development helps organizations identify and create new business opportunities to achieve growth and increase revenue. At the beginning of each process, we define key process points with our clients to determine a series of activities focused on finding new markets, products, or services, as well as developing business relationships and partnerships. Business development can involve a specific service that you need assistance with to accelerate business growth, or you can combine a range of different services and leave everything to the experts who will expedite your business quickly. Meanwhile, your focus can be on more important matters such as sales or product development.<\/p>\n<p>&nbsp;<\/p>\n<p>Business development services are diverse, and below we have outlined some of them:<\/p>\n<ul>\n<li>Market Analysis: to identify trends, customer needs, competition, and new opportunities. Market analysis helps define target segments and guide marketing activities.<\/li>\n<li>Business Opportunity Identification: in addition to analyzing existing and exploring new markets, this service involves finding potential clients and identifying market gaps or needs that the company can address.<\/li>\n<li>Building Business Relationships: we assist clients in connecting with key stakeholders who are important to their business through direct contacts, networking, and indirect networking. This includes establishing contacts, negotiating collaboration, and building trust.<\/li>\n<li>Strategic Planning: with our extensive experience, we have participated in the development of numerous companies and startups. We work with clients on strategic planning to clearly define goals, strategies, and tactics for achieving growth. Planning involves identifying key steps, allocating resources, and setting timelines.<\/li>\n<li>Marketing and Promotion: promotion is a key component of business development. Clients who are just starting their business often opt for digital marketing strategies and tools to increase awareness of their products or services, attract new clients, and create competitive advantages in the market. In addition to branding and marketing, graphic and web design are common services requested by clients.<\/li>\n<li>Results Tracking and Strategy Adjustment: continuous analytics and tracking of results from business development activities and adjustment of strategies based on feedback and analysis to optimize and improve existing processes.<\/li>\n<\/ul>\n<p>&nbsp;<\/p>\n<p>If you need assistance in starting or developing your business, please contact us.<\/p><\/div><style>.ld_spacer_69d78b85e2d09{height:32px;}<\/style>\n<div class=\"ld-empty-space ld_spacer_69d78b85e2d09\"><\/div><style>.ld_button_69d78b85e2ec8.btn-icon-solid .btn-icon{background:#90c56e;}.ld_button_69d78b85e2ec8.btn-icon-circle.btn-icon-ripple .btn-icon:before{border-color:#90c56e;}.ld_button_69d78b85e2ec8.btn-icon-solid:hover .btn-icon{background:#3e3f48;}.ld_button_69d78b85e2ec8{background-color:#90c56e;border-color:#90c56e;color:#f7f5ff;}.ld_button_69d78b85e2ec8:hover{background-color:#3e3f48;border-color:#3e3f48;}.ld_button_69d78b85e2ec8 .btn-gradient-bg-hover{background:-webkit-linear-gradient(to right, #3e3f48 0%, #3e3f48 100%);background:linear-gradient(to right, #3e3f48 0%, #3e3f48 100%);}.ld_button_69d78b85e2ec8 .btn-gradient-border defs stop:first-child{stop-color:#90c56e;}.ld_button_69d78b85e2ec8 .btn-gradient-border defs stop:last-child{stop-color:#90c56e;}.ld_button_69d78b85e2ec8:hover .btn-gradient-border defs stop:first-child{stop-color:#3e3f48;}.ld_button_69d78b85e2ec8:hover .btn-gradient-border defs stop:last-child{stop-color:#3e3f48;}<\/style><a href=\"https:\/\/test.voffice.hr\/en\/contact\/\" title=\"Contact\" class=\"btn btn-solid border-thin btn-has-label ld_button_69d78b85e2ec8\" >\n\t<span>\n\t\t\n\t\t\t\t\t<span class=\"btn-txt\" data-text=\"Po\u0161aljite upit\" >Send an inquiry<\/span>\n\t\t\t\n\t\t\t\t\t<\/span>\n<\/a>\n<\/div><\/div><\/div><\/div><\/div><\/section><section class=\"vc_row liquid-row-shadowbox-69d78b85e4907\"><div class=\"ld-container container\"><div class=\"row ld-row ld-row-outer\"><div class=\"wpb_column vc_column_container vc_col-sm-12 liquid-column-69d78b85e4e68\"><div class=\"vc_column-inner\" ><div class=\"wpb_wrapper\"  ><\/div><\/div><\/div><\/div><\/div><\/section>","protected":false},"excerpt":{"rendered":"BUSINESS DEVELOPMENT Business development, odnosno\u00a0razvoj poslovanja, organizacijama poma\u017ee identificirati i\u00a0stvarati nove poslovne prilike s ciljem ostvarivanja rasta i pove\u0107anja prihoda. Na po\u010detku svakog procesa, s klijentima definiramo klju\u010dne to\u010dke procesa kako bismo odredili niz aktivnosti usmjerenih prema pronala\u017eenju novih tr\u017ei\u0161ta, proizvoda ili usluga te razvijanju poslovnih odnosa i partnerstava. Business development mo\u017ee uklju\u010divati odre\u0111enu uslugu [...]","protected":false},"author":1,"featured_media":0,"parent":0,"menu_order":0,"comment_status":"closed","ping_status":"closed","template":"","meta":{"footnotes":""},"class_list":["post-5039","page","type-page","status-publish","hentry"],"_links":{"self":[{"href":"https:\/\/test.voffice.hr\/en\/wp-json\/wp\/v2\/pages\/5039","targetHints":{"allow":["GET"]}}],"collection":[{"href":"https:\/\/test.voffice.hr\/en\/wp-json\/wp\/v2\/pages"}],"about":[{"href":"https:\/\/test.voffice.hr\/en\/wp-json\/wp\/v2\/types\/page"}],"author":[{"embeddable":true,"href":"https:\/\/test.voffice.hr\/en\/wp-json\/wp\/v2\/users\/1"}],"replies":[{"embeddable":true,"href":"https:\/\/test.voffice.hr\/en\/wp-json\/wp\/v2\/comments?post=5039"}],"version-history":[{"count":5,"href":"https:\/\/test.voffice.hr\/en\/wp-json\/wp\/v2\/pages\/5039\/revisions"}],"predecessor-version":[{"id":5087,"href":"https:\/\/test.voffice.hr\/en\/wp-json\/wp\/v2\/pages\/5039\/revisions\/5087"}],"wp:attachment":[{"href":"https:\/\/test.voffice.hr\/en\/wp-json\/wp\/v2\/media?parent=5039"}],"curies":[{"name":"wp","href":"https:\/\/api.w.org\/{rel}","templated":true}]}}