{"id":5043,"date":"2023-05-25T15:56:40","date_gmt":"2023-05-25T15:56:40","guid":{"rendered":"http:\/\/voffice-test.test\/?page_id=5043"},"modified":"2023-05-31T11:22:24","modified_gmt":"2023-05-31T11:22:24","slug":"virtualni-ured","status":"publish","type":"page","link":"https:\/\/test.voffice.hr\/en\/virtualni-ured\/","title":{"rendered":"Virtual Office\u00a0"},"content":{"rendered":"<section class=\"vc_row liquid-row-shadowbox-69d76f488e262\"><div class=\"ld-container container\"><div class=\"row ld-row ld-row-outer\"><div class=\"wpb_column vc_column_container vc_col-sm-12 liquid-column-69d76f488ec18\"><div class=\"vc_column-inner\" ><div class=\"wpb_wrapper\"  ><style>.ld_spacer_69d76f488ed47{height:50px;}<\/style>\n<div class=\"ld-empty-space ld_spacer_69d76f488ed47\"><\/div><style>.ld_simple_heading_69d76f488ef00 h1{color:#3e3f48;}<\/style><div  class=\"lqd-simple-heading-wrap ld_simple_heading_69d76f488ef00\">\n<h1 class=\"lqd-simple-heading\">\n\t<\/p>\n<h1 style=\"text-align: center;\">Virtual Office<\/h1>\n<p><\/h1>\n<\/div><style>.ld_spacer_69d76f488f0ec{height:50px;}<\/style>\n<div class=\"ld-empty-space ld_spacer_69d76f488f0ec\"><\/div><style>.ld_fancy_heading_69d76f488f307 p{color:#3e3f48;}.ld_fancy_heading_69d76f488f307 .lqd-highlight-inner{height:0.275em!important;bottom:0px!important;}<\/style><div class=\"ld-fancy-heading ld_fancy_heading_69d76f488f307\">\n\t<p class=\"ld-fh-element lqd-highlight-underline lqd-highlight-grow-left text-decoration-default\"   >  Easily and quickly register the headquarters of your company or business at the Virtual Office Croatia location. The office is situated in one of the main business skyscrapers in the centre of Zagreb. Whether you are an established company looking to expand your business or a startup that wants to have a professional image from the beginning, Virtual Office is here to provide you with everything you need in business, while saving you time and money. Our services are designed to offer you flexibility. This means that you can add or remove them according to the needs of your business, with minimal commitment and investment.<\/p>\n<p>&nbsp;<\/p>\n<ul>\n<li>Virtual Address: A virtual office provides a physical address that a company or individual can use as their business address. Mail and packages arriving at this address can be forwarded to a real address or collected and forwarded according to the agreement.<\/li>\n<li>Phone Services: A virtual office can provide call answering and call forwarding services. A dedicated phone number can be provided for the company or individual, and calls can be redirected to their desired destination, whether it's a real number, mobile phone, or voicemail.<\/li>\n<li>Conference Services: A virtual office can enable the organization of audio or video conference calls over the Internet. Virtual meeting rooms are provided, and participants can join from any location.<\/li>\n<li>Administrative Services: A virtual office can offer a wide range of administrative services such as accounting, financial reporting, presentation creation, order processing, document management, and more.<\/li>\n<li>Web and Design Services: A virtual office can provide website development, graphic design, social media management, and other marketing services.<\/li>\n<\/ul>\n<p><\/p><\/div><style>.ld_spacer_69d76f488fd48{height:32px;}<\/style>\n<div class=\"ld-empty-space ld_spacer_69d76f488fd48\"><\/div><style>.ld_button_69d76f488ff07.btn-icon-solid .btn-icon{background:#90c56e;}.ld_button_69d76f488ff07.btn-icon-circle.btn-icon-ripple .btn-icon:before{border-color:#90c56e;}.ld_button_69d76f488ff07.btn-icon-solid:hover .btn-icon{background:#3e3f48;}.ld_button_69d76f488ff07{background-color:#90c56e;border-color:#90c56e;}.ld_button_69d76f488ff07:hover{background-color:#3e3f48;border-color:#3e3f48;}.ld_button_69d76f488ff07 .btn-gradient-bg-hover{background:-webkit-linear-gradient(to right, #3e3f48 0%, #3e3f48 100%);background:linear-gradient(to right, #3e3f48 0%, #3e3f48 100%);}.ld_button_69d76f488ff07 .btn-gradient-border defs stop:first-child{stop-color:#90c56e;}.ld_button_69d76f488ff07 .btn-gradient-border defs stop:last-child{stop-color:#90c56e;}.ld_button_69d76f488ff07:hover .btn-gradient-border defs stop:first-child{stop-color:#3e3f48;}.ld_button_69d76f488ff07:hover .btn-gradient-border defs stop:last-child{stop-color:#3e3f48;}<\/style><a href=\"https:\/\/test.voffice.hr\/en\/contact\/\" title=\"Contact\" class=\"btn btn-solid border-thin btn-has-label ld_button_69d76f488ff07\" >\n\t<span>\n\t\t\n\t\t\t\t\t<span class=\"btn-txt\" data-text=\"Provjerite pakete\" >Check the options<\/span>\n\t\t\t\n\t\t\t\t\t<\/span>\n<\/a>\n<\/div><\/div><\/div><\/div><\/div><\/section>","protected":false},"excerpt":{"rendered":"Virtualni ured Jednostavno i brzo, registrirajte sjedi\u0161te Va\u0161e tvrtke ili obrta na lokaciji Virtual Office Hrvatska. Ured se nalazi u jednom od glavnih poslovnih nebodera u centru Zagreba. Bilo da ste ve\u0107 etablirana kompanija koja \u017eeli razvijati svoje poslovanje ili ste startup koji od po\u010detka \u017eeli imati profesionalan imid\u017e, Virtual Office je tu da vam [...]","protected":false},"author":1,"featured_media":0,"parent":0,"menu_order":0,"comment_status":"closed","ping_status":"closed","template":"","meta":{"footnotes":""},"class_list":["post-5043","page","type-page","status-publish","hentry"],"_links":{"self":[{"href":"https:\/\/test.voffice.hr\/en\/wp-json\/wp\/v2\/pages\/5043","targetHints":{"allow":["GET"]}}],"collection":[{"href":"https:\/\/test.voffice.hr\/en\/wp-json\/wp\/v2\/pages"}],"about":[{"href":"https:\/\/test.voffice.hr\/en\/wp-json\/wp\/v2\/types\/page"}],"author":[{"embeddable":true,"href":"https:\/\/test.voffice.hr\/en\/wp-json\/wp\/v2\/users\/1"}],"replies":[{"embeddable":true,"href":"https:\/\/test.voffice.hr\/en\/wp-json\/wp\/v2\/comments?post=5043"}],"version-history":[{"count":3,"href":"https:\/\/test.voffice.hr\/en\/wp-json\/wp\/v2\/pages\/5043\/revisions"}],"predecessor-version":[{"id":5097,"href":"https:\/\/test.voffice.hr\/en\/wp-json\/wp\/v2\/pages\/5043\/revisions\/5097"}],"wp:attachment":[{"href":"https:\/\/test.voffice.hr\/en\/wp-json\/wp\/v2\/media?parent=5043"}],"curies":[{"name":"wp","href":"https:\/\/api.w.org\/{rel}","templated":true}]}}