{"id":5045,"date":"2023-05-25T15:58:19","date_gmt":"2023-05-25T15:58:19","guid":{"rendered":"http:\/\/voffice-test.test\/?page_id=5045"},"modified":"2023-05-31T11:18:10","modified_gmt":"2023-05-31T11:18:10","slug":"virtualni-asistent","status":"publish","type":"page","link":"https:\/\/test.voffice.hr\/en\/virtualni-asistent\/","title":{"rendered":"Virtual Assistant\u00a0"},"content":{"rendered":"<section class=\"vc_row liquid-row-shadowbox-69d784c597937\"><div class=\"ld-container container\"><div class=\"row ld-row ld-row-outer\"><div class=\"wpb_column vc_column_container vc_col-sm-12 liquid-column-69d784c5982da\"><div class=\"vc_column-inner\" ><div class=\"wpb_wrapper\"  ><style>.ld_spacer_69d784c598401{height:50px;}<\/style>\n<div class=\"ld-empty-space ld_spacer_69d784c598401\"><\/div><style>.ld_simple_heading_69d784c598599 h1{color:#3e3f48;}<\/style><div  class=\"lqd-simple-heading-wrap ld_simple_heading_69d784c598599\">\n<h1 class=\"lqd-simple-heading\">\n\t<\/p>\n<h1 style=\"text-align: center;\">Virtual Assistant<\/h1>\n<p><\/h1>\n<\/div><style>.ld_spacer_69d784c5987a4{height:50px;}<\/style>\n<div class=\"ld-empty-space ld_spacer_69d784c5987a4\"><\/div><style>.ld_fancy_heading_69d784c598981 p{color:#3e3f48;}.ld_fancy_heading_69d784c598981 .lqd-highlight-inner{height:0.275em!important;bottom:0px!important;}<\/style><div class=\"ld-fancy-heading ld_fancy_heading_69d784c598981\">\n\t<p class=\"ld-fh-element lqd-highlight-underline lqd-highlight-grow-left text-decoration-default\"   >  The concept of a virtual assistant refers to the synergy of our entire team providing services such as business consulting, company representation, office administration, business organization, and other related services for our clients. A virtual assistant can easily manage all aspects of business communication, database maintenance, and more.<\/p>\n<p>Small and medium-sized enterprises, as well as foreign companies starting their operations in Croatia, will benefit greatly from virtual assistant services. With a virtual assistant service, you save time and money. The key feature of this service is that most tasks are performed through phone calls, emails, and various virtual communication tools.<\/p>\n<p>By doing so, you only pay for the work that is actually completed, based on the volume of work and time spent. As a result, business risks are minimized, and the efficiency of our client's operations is increased.<\/p>\n<p>Virtual assistant services encompass a wide range of administrative tasks and business support.<\/p>\n<ul>\n<li>Calendar management: A virtual assistant can organize your schedule, schedule meetings, manage appointments, and provide reminders of upcoming obligations.<\/li>\n<li>Email management and communication: They can handle your email, check and respond to messages, archive important information, filter unwanted emails, and manage communications according to your instructions. They can also make phone calls and communicate through other channels as directed.<\/li>\n<li>Travel organization: They can find the best airfare prices, book hotels and manage travel details such as transportation to the hotel and itinerary planning.<\/li>\n<li>Administrative tasks: This may include document management, presentation preparation, data entry, document creation and editing, record keeping, and more.<\/li>\n<li>Research: They can conduct research on specific topics, gather data and prepare reports and analyses to assist you in making informed decisions based on relevant information.<\/li>\n<li>Social media management: They can manage your social media profiles, create and publish content, respond to comments and messages, and track analytics to improve your presence on social media.<\/li>\n<li>Customer support: They provide support to customers, answer inquiries, resolve issues, and provide information about products or services.<\/li>\n<li>Translation and writing: If you need assistance with translation or writing, a virtual assistant can translate documents, and write articles, blogs, letters, or other texts.<\/li>\n<\/ul>\n<p>If you require any of the mentioned services or assistance with an activity that is not listed, please contact us so that we can tailor our services to your needs.<\/p><\/div><style>.ld_spacer_69d784c59a485{height:32px;}<\/style>\n<div class=\"ld-empty-space ld_spacer_69d784c59a485\"><\/div><style>.ld_button_69d784c59a639.btn-icon-solid .btn-icon{background:#90c56e;}.ld_button_69d784c59a639.btn-icon-circle.btn-icon-ripple .btn-icon:before{border-color:#90c56e;}.ld_button_69d784c59a639.btn-icon-solid:hover .btn-icon{background:#3e3f48;}.ld_button_69d784c59a639{background-color:#90c56e;border-color:#90c56e;}.ld_button_69d784c59a639:hover{background-color:#3e3f48;border-color:#3e3f48;}.ld_button_69d784c59a639 .btn-gradient-bg-hover{background:-webkit-linear-gradient(to right, #3e3f48 0%, #3e3f48 100%);background:linear-gradient(to right, #3e3f48 0%, #3e3f48 100%);}.ld_button_69d784c59a639 .btn-gradient-border defs stop:first-child{stop-color:#90c56e;}.ld_button_69d784c59a639 .btn-gradient-border defs stop:last-child{stop-color:#90c56e;}.ld_button_69d784c59a639:hover .btn-gradient-border defs stop:first-child{stop-color:#3e3f48;}.ld_button_69d784c59a639:hover .btn-gradient-border defs stop:last-child{stop-color:#3e3f48;}<\/style><a href=\"https:\/\/test.voffice.hr\/en\/contact\/\" title=\"Contact\" class=\"btn btn-solid border-thin btn-has-label ld_button_69d784c59a639\" >\n\t<span>\n\t\t\n\t\t\t\t\t<span class=\"btn-txt\" data-text=\"Po\u0161aljite upit\" >Send an inquiry<\/span>\n\t\t\t\n\t\t\t\t\t<\/span>\n<\/a>\n<\/div><\/div><\/div><\/div><\/div><\/section>","protected":false},"excerpt":{"rendered":"Virtualni asistent Koncept virtualnog asistenta odnosi se na sinergiju cijelog na\u0161eg tima koji obavlja usluge poslovnog savjetovanja, predstavljanja tvrtki, uredske uprave, poslovne organizacije i ostalih srodnih usluga za na\u0161e klijente. Virtualni asistent mo\u017ee vrlo lako upravljati cijelom poslovnom komunikacijom, odr\u017eavanjem baze podataka i sli\u010dno. Mali i srednji poduzetnici imat \u0107e najve\u0107e koristi od usluga virtualnog [...]","protected":false},"author":1,"featured_media":0,"parent":0,"menu_order":0,"comment_status":"closed","ping_status":"closed","template":"","meta":{"footnotes":""},"class_list":["post-5045","page","type-page","status-publish","hentry"],"_links":{"self":[{"href":"https:\/\/test.voffice.hr\/en\/wp-json\/wp\/v2\/pages\/5045","targetHints":{"allow":["GET"]}}],"collection":[{"href":"https:\/\/test.voffice.hr\/en\/wp-json\/wp\/v2\/pages"}],"about":[{"href":"https:\/\/test.voffice.hr\/en\/wp-json\/wp\/v2\/types\/page"}],"author":[{"embeddable":true,"href":"https:\/\/test.voffice.hr\/en\/wp-json\/wp\/v2\/users\/1"}],"replies":[{"embeddable":true,"href":"https:\/\/test.voffice.hr\/en\/wp-json\/wp\/v2\/comments?post=5045"}],"version-history":[{"count":5,"href":"https:\/\/test.voffice.hr\/en\/wp-json\/wp\/v2\/pages\/5045\/revisions"}],"predecessor-version":[{"id":5095,"href":"https:\/\/test.voffice.hr\/en\/wp-json\/wp\/v2\/pages\/5045\/revisions\/5095"}],"wp:attachment":[{"href":"https:\/\/test.voffice.hr\/en\/wp-json\/wp\/v2\/media?parent=5045"}],"curies":[{"name":"wp","href":"https:\/\/api.w.org\/{rel}","templated":true}]}}