{"id":5047,"date":"2023-05-25T16:00:08","date_gmt":"2023-05-25T16:00:08","guid":{"rendered":"http:\/\/voffice-test.test\/?page_id=5047"},"modified":"2023-05-31T11:12:44","modified_gmt":"2023-05-31T11:12:44","slug":"virtualna-tajnica","status":"publish","type":"page","link":"https:\/\/test.voffice.hr\/en\/virtualna-tajnica\/","title":{"rendered":"Virtual Secretary\u00a0"},"content":{"rendered":"<section class=\"vc_row liquid-row-shadowbox-69d7885a5b26b\"><div class=\"ld-container container\"><div class=\"row ld-row ld-row-outer\"><div class=\"wpb_column vc_column_container vc_col-sm-12 liquid-column-69d7885a5bb5a\"><div class=\"vc_column-inner\" ><div class=\"wpb_wrapper\"  ><style>.ld_spacer_69d7885a5bc7a{height:50px;}<\/style>\n<div class=\"ld-empty-space ld_spacer_69d7885a5bc7a\"><\/div><style>.ld_simple_heading_69d7885a5be21 h1{color:#3e3f48;}<\/style><div  class=\"lqd-simple-heading-wrap ld_simple_heading_69d7885a5be21\">\n<h1 class=\"lqd-simple-heading\">\n\t<\/p>\n<h1 style=\"text-align: center;\">Virtual Secretary<\/h1>\n<p><\/h1>\n<\/div><style>.ld_spacer_69d7885a5c010{height:50px;}<\/style>\n<div class=\"ld-empty-space ld_spacer_69d7885a5c010\"><\/div><style>.ld_fancy_heading_69d7885a5c21f p{color:#3e3f48;}.ld_fancy_heading_69d7885a5c21f .lqd-highlight-inner{height:0.275em!important;bottom:0px!important;}<\/style><div class=\"ld-fancy-heading ld_fancy_heading_69d7885a5c21f\">\n\t<p class=\"ld-fh-element lqd-highlight-underline lqd-highlight-grow-left text-decoration-default\"   >  This service is designed for those who need a traditional secretary and receptionist, but with a modern approach and cost savings. This business model allows you to work from home, on the field, or from another country while having a secretary in your office.<\/p>\n<p>Your virtual secretary assists you with all daily tasks, from basic tasks such as answering calls on behalf of your company to handling all the daily operational details, allowing you to focus on your core business objectives.<\/p>\n<p>A virtual secretary can take on various tasks, such as organizing business documentation, responding to emails, making phone calls, and scheduling appointments.<\/p>\n<p>Virtual secretary services encompass support in administrative tasks and business activity organization. Below are some of the services provided by a virtual secretary.<\/p>\n<ul>\n<li>Call management: The virtual secretary handles phone calls on behalf of the company or individual. They can answer calls, provide information, redirect calls, or take messages.<\/li>\n<li>Email management: They manage incoming and outgoing emails, including reviewing and organizing emails, sending responses, archiving important information, and filtering unwanted emails.<\/li>\n<li>Calendar management: They can organize meeting schedules, book appointments, send meeting notifications, and ensure calendar updates according to the client's needs.<\/li>\n<li>Document preparation: They can prepare documents such as letters, reports, presentations, or other necessary materials. They can edit documents based on client instructions.<\/li>\n<li>Travel organization: This can include booking flights, hotels and cars, or organizing other travel details.<\/li>\n<li>Administrative support: They provide general administrative support, such as data entry, record keeping, file organization, and other administrative tasks.<\/li>\n<li>Customer support: They offer customer support, respond to inquiries, resolve issues, and provide information about products or services.<\/li>\n<\/ul>\n<p>If you require any of the mentioned services or have specific needs tailored to your requirements, please contact us so that we can customize the package according to your preferences.<\/p><\/div><style>.ld_spacer_69d7885a5cd36{height:32px;}<\/style>\n<div class=\"ld-empty-space ld_spacer_69d7885a5cd36\"><\/div><style>.ld_button_69d7885a5cee3.btn-icon-solid .btn-icon{background:#90c56e;}.ld_button_69d7885a5cee3.btn-icon-circle.btn-icon-ripple .btn-icon:before{border-color:#90c56e;}.ld_button_69d7885a5cee3.btn-icon-solid:hover .btn-icon{background:#3e3f48;}.ld_button_69d7885a5cee3{background-color:#90c56e;border-color:#90c56e;}.ld_button_69d7885a5cee3:hover{background-color:#3e3f48;border-color:#3e3f48;}.ld_button_69d7885a5cee3 .btn-gradient-bg-hover{background:-webkit-linear-gradient(to right, #3e3f48 0%, #3e3f48 100%);background:linear-gradient(to right, #3e3f48 0%, #3e3f48 100%);}.ld_button_69d7885a5cee3 .btn-gradient-border defs stop:first-child{stop-color:#90c56e;}.ld_button_69d7885a5cee3 .btn-gradient-border defs stop:last-child{stop-color:#90c56e;}.ld_button_69d7885a5cee3:hover .btn-gradient-border defs stop:first-child{stop-color:#3e3f48;}.ld_button_69d7885a5cee3:hover .btn-gradient-border defs stop:last-child{stop-color:#3e3f48;}<\/style><a href=\"https:\/\/test.voffice.hr\/en\/contact\/\" title=\"Contact\" class=\"btn btn-solid border-thin btn-has-label ld_button_69d7885a5cee3\" >\n\t<span>\n\t\t\n\t\t\t\t\t<span class=\"btn-txt\" data-text=\"Javite nam se\" >Get in touch with us<\/span>\n\t\t\t\n\t\t\t\t\t<\/span>\n<\/a>\n<\/div><\/div><\/div><\/div><\/div><\/section>","protected":false},"excerpt":{"rendered":"Virtualna tajnica Usluga osmi\u0161ljena za one koji trebaju klasi\u010dnu tajnicu i recepciju, ali uz moderan pristup i u\u0161tedu novca. Ovakav poslovni model omogu\u0107ava rad od ku\u0107e, na terenu ili iz druge dr\u017eave, a da pritom imate tajnicu u uredu. Va\u0161a virtualna tajnica poma\u017ee vam sa svim svakodnevnim zadacima, od osnovnih stvari poput odgovaranja na telefon [...]","protected":false},"author":1,"featured_media":0,"parent":0,"menu_order":0,"comment_status":"closed","ping_status":"closed","template":"","meta":{"footnotes":""},"class_list":["post-5047","page","type-page","status-publish","hentry"],"_links":{"self":[{"href":"https:\/\/test.voffice.hr\/en\/wp-json\/wp\/v2\/pages\/5047","targetHints":{"allow":["GET"]}}],"collection":[{"href":"https:\/\/test.voffice.hr\/en\/wp-json\/wp\/v2\/pages"}],"about":[{"href":"https:\/\/test.voffice.hr\/en\/wp-json\/wp\/v2\/types\/page"}],"author":[{"embeddable":true,"href":"https:\/\/test.voffice.hr\/en\/wp-json\/wp\/v2\/users\/1"}],"replies":[{"embeddable":true,"href":"https:\/\/test.voffice.hr\/en\/wp-json\/wp\/v2\/comments?post=5047"}],"version-history":[{"count":3,"href":"https:\/\/test.voffice.hr\/en\/wp-json\/wp\/v2\/pages\/5047\/revisions"}],"predecessor-version":[{"id":5092,"href":"https:\/\/test.voffice.hr\/en\/wp-json\/wp\/v2\/pages\/5047\/revisions\/5092"}],"wp:attachment":[{"href":"https:\/\/test.voffice.hr\/en\/wp-json\/wp\/v2\/media?parent=5047"}],"curies":[{"name":"wp","href":"https:\/\/api.w.org\/{rel}","templated":true}]}}