{"id":5049,"date":"2023-05-25T16:01:35","date_gmt":"2023-05-25T16:01:35","guid":{"rendered":"http:\/\/voffice-test.test\/?page_id=5049"},"modified":"2023-05-31T11:07:04","modified_gmt":"2023-05-31T11:07:04","slug":"dvorana","status":"publish","type":"page","link":"https:\/\/test.voffice.hr\/en\/dvorana\/","title":{"rendered":"Meeting Room"},"content":{"rendered":"<section class=\"vc_row liquid-row-shadowbox-69d784de62b31\"><div class=\"ld-container container\"><div class=\"row ld-row ld-row-outer\"><div class=\"wpb_column vc_column_container vc_col-sm-12 liquid-column-69d784de633e7\"><div class=\"vc_column-inner\" ><div class=\"wpb_wrapper\"  ><style>.ld_spacer_69d784de63516{height:50px;}<\/style>\n<div class=\"ld-empty-space ld_spacer_69d784de63516\"><\/div><style>.ld_simple_heading_69d784de636a9 h1{color:#3e3f48;}<\/style><div  class=\"lqd-simple-heading-wrap ld_simple_heading_69d784de636a9\">\n<h1 class=\"lqd-simple-heading\">\n\t<\/p>\n<h1 style=\"text-align: center;\">Hall<\/h1>\n<p><\/h1>\n<\/div><style>.ld_spacer_69d784de63893{height:50px;}<\/style>\n<div class=\"ld-empty-space ld_spacer_69d784de63893\"><\/div><style>.ld_fancy_heading_69d784de63a88 p{color:#3e3f48;}.ld_fancy_heading_69d784de63a88 .lqd-highlight-inner{height:0.275em!important;bottom:0px!important;}<\/style><div class=\"ld-fancy-heading ld_fancy_heading_69d784de63a88\">\n\t<p class=\"ld-fh-element lqd-highlight-underline lqd-highlight-grow-left text-decoration-default\"   >  The hall is located on the 15th floor of the Zagrep\u010danka business skyscraper, at Savska cesta 41. It is a large business space covering an area of 500 m\u00b2. In addition to the hall, there is an entrance lounge, a furnished kitchenette, restrooms, and an outdoor balcony where smoking is allowed.<\/p>\n<p>The capacity of the hall depends on the arrangement. The first arrangement is the \"theatre\" layout, which has a maximum capacity of up to 45 people + the speaker. The second arrangement is the \"classroom\" layout, which is ideal for various types of training sessions and workshops, and it comes with additional tables. The maximum capacity is up to 15 people (15 tables).<\/p>\n<p>Apart from these two basic setups, the hall can be arranged in different configurations according to the client's wishes and needs.<\/p>\n<p>&nbsp;<\/p>\n<p><strong>The price of hall rental includes:<\/strong><\/p>\n<ul>\n<li>Water<\/li>\n<li>Wireless internet<\/li>\n<li>Laptop<\/li>\n<li>Projector and screen<\/li>\n<li>Flipchart<\/li>\n<li>Pointer<\/li>\n<li>Use of the balcony (smoking allowed)<\/li>\n<li>Entrance lounge<\/li>\n<\/ul>\n<p>Coffee and tea consumption is charged at \u20ac1 + VAT per person.<\/p>\n<p>&nbsp;<\/p>\n<h3><strong>Prices and Additional Services<\/strong><\/h3>\n<p>Virtual Office Croatia clients receive an additional discount for hall usage, while we offer a special discount to all other users for consecutive monthly or weekly usage.<\/p>\n<p>The rental price for the hall starts at \u20ac20 per hour (+ VAT).<\/p>\n<p>&nbsp;<\/p>\n<p><strong>Additional services:<\/strong><\/p>\n<ul>\n<li>Catering<\/li>\n<li>Administrative support from a secretary<\/li>\n<li>Event management<\/li>\n<li>Marketing support<\/li>\n<li>PR;<\/li>\n<li>Printing\/scanning\/copying services<\/li>\n<\/ul>\n<p>Other services as needed.\u00a0<\/p><\/div><\/div><\/div><\/div><\/div><\/div><\/section><section class=\"vc_row liquid-row-shadowbox-69d784de6425d\"><div class=\"ld-container container\"><div class=\"row ld-row ld-row-outer\"><div class=\"wpb_column vc_column_container vc_col-sm-12 liquid-column-69d784de64798\"><div class=\"vc_column-inner\" ><div class=\"wpb_wrapper\"  ><\/div><\/div><\/div><\/div><\/div><\/section>","protected":false},"excerpt":{"rendered":"DVORANA Dvorana je smje\u0161tena na 15. katu poslovnog nebodera Zagrep\u010danka, Savska cesta 41. velikog poslovnog prostora koji se prostire na povr\u0161ini od 500 m\u00b2. Uz kori\u0161tenje dvorane dostupan je i ulazni dnevni boravak, namje\u0161tena \u010dajna kuhinja, sanitarije i vanjski balkon na kojem je dopu\u0161teno pu\u0161enje. Kapacitet dvorane ovisi o rasporedu same dvorane. Prvi raspored je [...]","protected":false},"author":1,"featured_media":0,"parent":0,"menu_order":0,"comment_status":"closed","ping_status":"closed","template":"","meta":{"footnotes":""},"class_list":["post-5049","page","type-page","status-publish","hentry"],"_links":{"self":[{"href":"https:\/\/test.voffice.hr\/en\/wp-json\/wp\/v2\/pages\/5049","targetHints":{"allow":["GET"]}}],"collection":[{"href":"https:\/\/test.voffice.hr\/en\/wp-json\/wp\/v2\/pages"}],"about":[{"href":"https:\/\/test.voffice.hr\/en\/wp-json\/wp\/v2\/types\/page"}],"author":[{"embeddable":true,"href":"https:\/\/test.voffice.hr\/en\/wp-json\/wp\/v2\/users\/1"}],"replies":[{"embeddable":true,"href":"https:\/\/test.voffice.hr\/en\/wp-json\/wp\/v2\/comments?post=5049"}],"version-history":[{"count":5,"href":"https:\/\/test.voffice.hr\/en\/wp-json\/wp\/v2\/pages\/5049\/revisions"}],"predecessor-version":[{"id":5090,"href":"https:\/\/test.voffice.hr\/en\/wp-json\/wp\/v2\/pages\/5049\/revisions\/5090"}],"wp:attachment":[{"href":"https:\/\/test.voffice.hr\/en\/wp-json\/wp\/v2\/media?parent=5049"}],"curies":[{"name":"wp","href":"https:\/\/api.w.org\/{rel}","templated":true}]}}